{"id":3147,"date":"2020-02-27T15:03:03","date_gmt":"2020-02-27T14:03:03","guid":{"rendered":"https:\/\/tommasinfondi.it\/?page_id=3147"},"modified":"2021-07-12T16:04:56","modified_gmt":"2021-07-12T14:04:56","slug":"fondo-conico-con-extrusion-tipo-ti4","status":"publish","type":"page","link":"https:\/\/www.tommasinfondi.it\/es\/productos\/fondos-conicos\/fondo-conico-con-extrusion-tipo-ti4\/","title":{"rendered":"Fondo c\u00f3nico con extrusi\u00f3n &#8211; tipo Ti4"},"content":{"rendered":"","protected":false},"excerpt":{"rendered":"","protected":false},"author":11,"featured_media":0,"parent":3071,"menu_order":0,"comment_status":"closed","ping_status":"closed","template":"views\/template-fondi-singoli.blade.php","meta":[],"acf":[],"yoast_head":"<!-- This site is optimized with the Yoast SEO Premium plugin v16.8 (Yoast SEO v16.8) - https:\/\/yoast.com\/wordpress\/plugins\/seo\/ -->\n<title>Fondo c\u00f3nico con extrusi\u00f3n - tipo Ti4 - fondos abombados de acero<\/title>\n<meta name=\"description\" content=\"Dentro de la p\u00e1gina encontrar\u00e1 todas las especificaciones t\u00e9cnicas de nuestro fondo c\u00f3nico con extrusi\u00f3n - tipo Ti4\" \/>\n<meta name=\"robots\" content=\"index, follow, max-snippet:-1, max-image-preview:large, max-video-preview:-1\" \/>\n<link rel=\"canonical\" href=\"https:\/\/www.tommasinfondi.it\/es\/productos\/fondos-conicos\/fondo-conico-con-extrusion-tipo-ti4\/\" \/>\n<meta property=\"og:locale\" content=\"es_ES\" \/>\n<meta property=\"og:type\" content=\"article\" \/>\n<meta property=\"og:title\" content=\"Fondo c\u00f3nico con extrusi\u00f3n - tipo Ti4\" \/>\n<meta property=\"og:description\" content=\"Dentro de la p\u00e1gina encontrar\u00e1 todas las especificaciones t\u00e9cnicas de nuestro fondo c\u00f3nico con extrusi\u00f3n - tipo Ti4\" \/>\n<meta property=\"og:url\" content=\"https:\/\/www.tommasinfondi.it\/es\/productos\/fondos-conicos\/fondo-conico-con-extrusion-tipo-ti4\/\" \/>\n<meta property=\"og:site_name\" content=\"Tommasin - Fondi Bombati per cisterne e fondi bombati per serbatoi\" \/>\n<meta property=\"article:modified_time\" content=\"2021-07-12T14:04:56+00:00\" \/>\n<meta name=\"twitter:card\" content=\"summary_large_image\" \/>\n<script type=\"application\/ld+json\" class=\"yoast-schema-graph\">{\"@context\":\"https:\/\/schema.org\",\"@graph\":[{\"@type\":\"Organization\",\"@id\":\"https:\/\/www.tommasinfondi.it\/#organization\",\"name\":\"Tommasin Fondi Bombati\",\"url\":\"https:\/\/www.tommasinfondi.it\/\",\"sameAs\":[],\"logo\":{\"@type\":\"ImageObject\",\"@id\":\"https:\/\/www.tommasinfondi.it\/#logo\",\"inLanguage\":\"es\",\"url\":\"https:\/\/www.tommasinfondi.it\/wp-content\/uploads\/2020\/02\/firma-mail-tommasin.jpg\",\"contentUrl\":\"https:\/\/www.tommasinfondi.it\/wp-content\/uploads\/2020\/02\/firma-mail-tommasin.jpg\",\"width\":155,\"height\":30,\"caption\":\"Tommasin Fondi Bombati\"},\"image\":{\"@id\":\"https:\/\/www.tommasinfondi.it\/#logo\"}},{\"@type\":\"WebSite\",\"@id\":\"https:\/\/www.tommasinfondi.it\/#website\",\"url\":\"https:\/\/www.tommasinfondi.it\/\",\"name\":\"Tommasin - Fondi Bombati per cisterne e fondi bombati per serbatoi\",\"description\":\"Costruzione di strutture metalliche e fondi bombati per cisterne\",\"publisher\":{\"@id\":\"https:\/\/www.tommasinfondi.it\/#organization\"},\"potentialAction\":[{\"@type\":\"SearchAction\",\"target\":{\"@type\":\"EntryPoint\",\"urlTemplate\":\"https:\/\/www.tommasinfondi.it\/?s={search_term_string}\"},\"query-input\":\"required name=search_term_string\"}],\"inLanguage\":\"es\"},{\"@type\":\"WebPage\",\"@id\":\"https:\/\/www.tommasinfondi.it\/es\/productos\/fondos-conicos\/fondo-conico-con-extrusion-tipo-ti4\/#webpage\",\"url\":\"https:\/\/www.tommasinfondi.it\/es\/productos\/fondos-conicos\/fondo-conico-con-extrusion-tipo-ti4\/\",\"name\":\"Fondo c\\u00f3nico con extrusi\\u00f3n - tipo Ti4 - fondos abombados de acero\",\"isPartOf\":{\"@id\":\"https:\/\/www.tommasinfondi.it\/#website\"},\"datePublished\":\"2020-02-27T14:03:03+00:00\",\"dateModified\":\"2021-07-12T14:04:56+00:00\",\"description\":\"Dentro de la p\\u00e1gina encontrar\\u00e1 todas las especificaciones t\\u00e9cnicas de nuestro fondo c\\u00f3nico con extrusi\\u00f3n - tipo Ti4\",\"breadcrumb\":{\"@id\":\"https:\/\/www.tommasinfondi.it\/es\/productos\/fondos-conicos\/fondo-conico-con-extrusion-tipo-ti4\/#breadcrumb\"},\"inLanguage\":\"es\",\"potentialAction\":[{\"@type\":\"ReadAction\",\"target\":[\"https:\/\/www.tommasinfondi.it\/es\/productos\/fondos-conicos\/fondo-conico-con-extrusion-tipo-ti4\/\"]}]},{\"@type\":\"BreadcrumbList\",\"@id\":\"https:\/\/www.tommasinfondi.it\/es\/productos\/fondos-conicos\/fondo-conico-con-extrusion-tipo-ti4\/#breadcrumb\",\"itemListElement\":[{\"@type\":\"ListItem\",\"position\":1,\"name\":\"Home\",\"item\":\"https:\/\/www.tommasinfondi.it\/es\/\"},{\"@type\":\"ListItem\",\"position\":2,\"name\":\"Productos\",\"item\":\"https:\/\/www.tommasinfondi.it\/es\/productos\/\"},{\"@type\":\"ListItem\",\"position\":3,\"name\":\"Fondos c\\u00f3nicos\",\"item\":\"https:\/\/www.tommasinfondi.it\/es\/productos\/fondos-conicos\/\"},{\"@type\":\"ListItem\",\"position\":4,\"name\":\"Fondo c\\u00f3nico con extrusi\\u00f3n &#8211; tipo Ti4\"}]}]}<\/script>\n<!-- \/ Yoast SEO Premium plugin. -->","yoast_head_json":{"title":"Fondo c\u00f3nico con extrusi\u00f3n - tipo Ti4 - fondos abombados de acero","description":"Dentro de la p\u00e1gina encontrar\u00e1 todas las especificaciones t\u00e9cnicas de nuestro fondo c\u00f3nico con extrusi\u00f3n - tipo Ti4","robots":{"index":"index","follow":"follow","max-snippet":"max-snippet:-1","max-image-preview":"max-image-preview:large","max-video-preview":"max-video-preview:-1"},"canonical":"https:\/\/www.tommasinfondi.it\/es\/productos\/fondos-conicos\/fondo-conico-con-extrusion-tipo-ti4\/","og_locale":"es_ES","og_type":"article","og_title":"Fondo c\u00f3nico con extrusi\u00f3n - tipo Ti4","og_description":"Dentro de la p\u00e1gina encontrar\u00e1 todas las especificaciones t\u00e9cnicas de nuestro fondo c\u00f3nico con extrusi\u00f3n - tipo Ti4","og_url":"https:\/\/www.tommasinfondi.it\/es\/productos\/fondos-conicos\/fondo-conico-con-extrusion-tipo-ti4\/","og_site_name":"Tommasin - Fondi Bombati per cisterne e fondi bombati per serbatoi","article_modified_time":"2021-07-12T14:04:56+00:00","twitter_card":"summary_large_image","schema":{"@context":"https:\/\/schema.org","@graph":[{"@type":"Organization","@id":"https:\/\/www.tommasinfondi.it\/#organization","name":"Tommasin Fondi Bombati","url":"https:\/\/www.tommasinfondi.it\/","sameAs":[],"logo":{"@type":"ImageObject","@id":"https:\/\/www.tommasinfondi.it\/#logo","inLanguage":"es","url":"https:\/\/www.tommasinfondi.it\/wp-content\/uploads\/2020\/02\/firma-mail-tommasin.jpg","contentUrl":"https:\/\/www.tommasinfondi.it\/wp-content\/uploads\/2020\/02\/firma-mail-tommasin.jpg","width":155,"height":30,"caption":"Tommasin Fondi Bombati"},"image":{"@id":"https:\/\/www.tommasinfondi.it\/#logo"}},{"@type":"WebSite","@id":"https:\/\/www.tommasinfondi.it\/#website","url":"https:\/\/www.tommasinfondi.it\/","name":"Tommasin - Fondi Bombati per cisterne e fondi bombati per serbatoi","description":"Costruzione di strutture metalliche e fondi bombati per cisterne","publisher":{"@id":"https:\/\/www.tommasinfondi.it\/#organization"},"potentialAction":[{"@type":"SearchAction","target":{"@type":"EntryPoint","urlTemplate":"https:\/\/www.tommasinfondi.it\/?s={search_term_string}"},"query-input":"required name=search_term_string"}],"inLanguage":"es"},{"@type":"WebPage","@id":"https:\/\/www.tommasinfondi.it\/es\/productos\/fondos-conicos\/fondo-conico-con-extrusion-tipo-ti4\/#webpage","url":"https:\/\/www.tommasinfondi.it\/es\/productos\/fondos-conicos\/fondo-conico-con-extrusion-tipo-ti4\/","name":"Fondo c\u00f3nico con extrusi\u00f3n - tipo Ti4 - fondos abombados de acero","isPartOf":{"@id":"https:\/\/www.tommasinfondi.it\/#website"},"datePublished":"2020-02-27T14:03:03+00:00","dateModified":"2021-07-12T14:04:56+00:00","description":"Dentro de la p\u00e1gina encontrar\u00e1 todas las especificaciones t\u00e9cnicas de nuestro fondo c\u00f3nico con extrusi\u00f3n - tipo Ti4","breadcrumb":{"@id":"https:\/\/www.tommasinfondi.it\/es\/productos\/fondos-conicos\/fondo-conico-con-extrusion-tipo-ti4\/#breadcrumb"},"inLanguage":"es","potentialAction":[{"@type":"ReadAction","target":["https:\/\/www.tommasinfondi.it\/es\/productos\/fondos-conicos\/fondo-conico-con-extrusion-tipo-ti4\/"]}]},{"@type":"BreadcrumbList","@id":"https:\/\/www.tommasinfondi.it\/es\/productos\/fondos-conicos\/fondo-conico-con-extrusion-tipo-ti4\/#breadcrumb","itemListElement":[{"@type":"ListItem","position":1,"name":"Home","item":"https:\/\/www.tommasinfondi.it\/es\/"},{"@type":"ListItem","position":2,"name":"Productos","item":"https:\/\/www.tommasinfondi.it\/es\/productos\/"},{"@type":"ListItem","position":3,"name":"Fondos c\u00f3nicos","item":"https:\/\/www.tommasinfondi.it\/es\/productos\/fondos-conicos\/"},{"@type":"ListItem","position":4,"name":"Fondo c\u00f3nico con extrusi\u00f3n &#8211; tipo Ti4"}]}]}},"_links":{"self":[{"href":"https:\/\/www.tommasinfondi.it\/es\/wp-json\/wp\/v2\/pages\/3147"}],"collection":[{"href":"https:\/\/www.tommasinfondi.it\/es\/wp-json\/wp\/v2\/pages"}],"about":[{"href":"https:\/\/www.tommasinfondi.it\/es\/wp-json\/wp\/v2\/types\/page"}],"author":[{"embeddable":true,"href":"https:\/\/www.tommasinfondi.it\/es\/wp-json\/wp\/v2\/users\/11"}],"replies":[{"embeddable":true,"href":"https:\/\/www.tommasinfondi.it\/es\/wp-json\/wp\/v2\/comments?post=3147"}],"version-history":[{"count":5,"href":"https:\/\/www.tommasinfondi.it\/es\/wp-json\/wp\/v2\/pages\/3147\/revisions"}],"predecessor-version":[{"id":5508,"href":"https:\/\/www.tommasinfondi.it\/es\/wp-json\/wp\/v2\/pages\/3147\/revisions\/5508"}],"up":[{"embeddable":true,"href":"https:\/\/www.tommasinfondi.it\/es\/wp-json\/wp\/v2\/pages\/3071"}],"wp:attachment":[{"href":"https:\/\/www.tommasinfondi.it\/es\/wp-json\/wp\/v2\/media?parent=3147"}],"curies":[{"name":"wp","href":"https:\/\/api.w.org\/{rel}","templated":true}]}}