{"id":3122,"date":"2020-02-16T14:01:18","date_gmt":"2020-02-16T13:01:18","guid":{"rendered":"https:\/\/tommasinfondi.it\/?page_id=3122"},"modified":"2021-09-21T17:55:30","modified_gmt":"2021-09-21T15:55:30","slug":"proceso-productivo","status":"publish","type":"page","link":"https:\/\/www.tommasinfondi.it\/es\/proceso-productivo\/","title":{"rendered":"Proceso productivo"},"content":{"rendered":"","protected":false},"excerpt":{"rendered":"","protected":false},"author":11,"featured_media":0,"parent":0,"menu_order":0,"comment_status":"closed","ping_status":"closed","template":"","meta":[],"acf":[],"yoast_head":"<!-- This site is optimized with the Yoast SEO Premium plugin v16.8 (Yoast SEO v16.8) - https:\/\/yoast.com\/wordpress\/plugins\/seo\/ -->\n<title>Proceso productivo - fondos bombeados en acero - tommasinfondi.it<\/title>\n<meta name=\"description\" content=\"Una producci\u00f3n de m\u00e1s de 40 a\u00f1os fondos bombeados con formas personalizadas seg\u00fan los m\u00e1s altos est\u00e1ndares mundiales, fondos planos, hemisf\u00e9ricos, c\u00f3nicos\" \/>\n<meta name=\"robots\" content=\"index, follow, max-snippet:-1, max-image-preview:large, max-video-preview:-1\" \/>\n<link rel=\"canonical\" href=\"https:\/\/www.tommasinfondi.it\/es\/proceso-productivo\/\" \/>\n<meta property=\"og:locale\" content=\"es_ES\" \/>\n<meta property=\"og:type\" content=\"article\" \/>\n<meta property=\"og:title\" content=\"Proceso productivo\" \/>\n<meta property=\"og:description\" content=\"Una producci\u00f3n de m\u00e1s de 40 a\u00f1os fondos bombeados con formas personalizadas seg\u00fan los m\u00e1s altos est\u00e1ndares mundiales, fondos planos, hemisf\u00e9ricos, c\u00f3nicos\" \/>\n<meta property=\"og:url\" content=\"https:\/\/www.tommasinfondi.it\/es\/proceso-productivo\/\" \/>\n<meta property=\"og:site_name\" content=\"Tommasin - Fondi Bombati per cisterne e fondi bombati per serbatoi\" \/>\n<meta property=\"article:modified_time\" content=\"2021-09-21T15:55:30+00:00\" \/>\n<meta name=\"twitter:card\" content=\"summary_large_image\" \/>\n<script type=\"application\/ld+json\" class=\"yoast-schema-graph\">{\"@context\":\"https:\/\/schema.org\",\"@graph\":[{\"@type\":\"Organization\",\"@id\":\"https:\/\/www.tommasinfondi.it\/#organization\",\"name\":\"Tommasin Fondi Bombati\",\"url\":\"https:\/\/www.tommasinfondi.it\/\",\"sameAs\":[],\"logo\":{\"@type\":\"ImageObject\",\"@id\":\"https:\/\/www.tommasinfondi.it\/#logo\",\"inLanguage\":\"es\",\"url\":\"https:\/\/www.tommasinfondi.it\/wp-content\/uploads\/2020\/02\/firma-mail-tommasin.jpg\",\"contentUrl\":\"https:\/\/www.tommasinfondi.it\/wp-content\/uploads\/2020\/02\/firma-mail-tommasin.jpg\",\"width\":155,\"height\":30,\"caption\":\"Tommasin Fondi Bombati\"},\"image\":{\"@id\":\"https:\/\/www.tommasinfondi.it\/#logo\"}},{\"@type\":\"WebSite\",\"@id\":\"https:\/\/www.tommasinfondi.it\/#website\",\"url\":\"https:\/\/www.tommasinfondi.it\/\",\"name\":\"Tommasin - Fondi Bombati per cisterne e fondi bombati per serbatoi\",\"description\":\"Costruzione di strutture metalliche e fondi bombati per cisterne\",\"publisher\":{\"@id\":\"https:\/\/www.tommasinfondi.it\/#organization\"},\"potentialAction\":[{\"@type\":\"SearchAction\",\"target\":{\"@type\":\"EntryPoint\",\"urlTemplate\":\"https:\/\/www.tommasinfondi.it\/?s={search_term_string}\"},\"query-input\":\"required name=search_term_string\"}],\"inLanguage\":\"es\"},{\"@type\":\"WebPage\",\"@id\":\"https:\/\/www.tommasinfondi.it\/es\/proceso-productivo\/#webpage\",\"url\":\"https:\/\/www.tommasinfondi.it\/es\/proceso-productivo\/\",\"name\":\"Proceso productivo - fondos bombeados en acero - tommasinfondi.it\",\"isPartOf\":{\"@id\":\"https:\/\/www.tommasinfondi.it\/#website\"},\"datePublished\":\"2020-02-16T13:01:18+00:00\",\"dateModified\":\"2021-09-21T15:55:30+00:00\",\"description\":\"Una producci\\u00f3n de m\\u00e1s de 40 a\\u00f1os fondos bombeados con formas personalizadas seg\\u00fan los m\\u00e1s altos est\\u00e1ndares mundiales, fondos planos, hemisf\\u00e9ricos, c\\u00f3nicos\",\"breadcrumb\":{\"@id\":\"https:\/\/www.tommasinfondi.it\/es\/proceso-productivo\/#breadcrumb\"},\"inLanguage\":\"es\",\"potentialAction\":[{\"@type\":\"ReadAction\",\"target\":[\"https:\/\/www.tommasinfondi.it\/es\/proceso-productivo\/\"]}]},{\"@type\":\"BreadcrumbList\",\"@id\":\"https:\/\/www.tommasinfondi.it\/es\/proceso-productivo\/#breadcrumb\",\"itemListElement\":[{\"@type\":\"ListItem\",\"position\":1,\"name\":\"Home\",\"item\":\"https:\/\/www.tommasinfondi.it\/es\/\"},{\"@type\":\"ListItem\",\"position\":2,\"name\":\"Proceso productivo\"}]}]}<\/script>\n<!-- \/ Yoast SEO Premium plugin. -->","yoast_head_json":{"title":"Proceso productivo - fondos bombeados en acero - tommasinfondi.it","description":"Una producci\u00f3n de m\u00e1s de 40 a\u00f1os fondos bombeados con formas personalizadas seg\u00fan los m\u00e1s altos est\u00e1ndares mundiales, fondos planos, hemisf\u00e9ricos, c\u00f3nicos","robots":{"index":"index","follow":"follow","max-snippet":"max-snippet:-1","max-image-preview":"max-image-preview:large","max-video-preview":"max-video-preview:-1"},"canonical":"https:\/\/www.tommasinfondi.it\/es\/proceso-productivo\/","og_locale":"es_ES","og_type":"article","og_title":"Proceso productivo","og_description":"Una producci\u00f3n de m\u00e1s de 40 a\u00f1os fondos bombeados con formas personalizadas seg\u00fan los m\u00e1s altos est\u00e1ndares mundiales, fondos planos, hemisf\u00e9ricos, c\u00f3nicos","og_url":"https:\/\/www.tommasinfondi.it\/es\/proceso-productivo\/","og_site_name":"Tommasin - Fondi Bombati per cisterne e fondi bombati per serbatoi","article_modified_time":"2021-09-21T15:55:30+00:00","twitter_card":"summary_large_image","schema":{"@context":"https:\/\/schema.org","@graph":[{"@type":"Organization","@id":"https:\/\/www.tommasinfondi.it\/#organization","name":"Tommasin Fondi Bombati","url":"https:\/\/www.tommasinfondi.it\/","sameAs":[],"logo":{"@type":"ImageObject","@id":"https:\/\/www.tommasinfondi.it\/#logo","inLanguage":"es","url":"https:\/\/www.tommasinfondi.it\/wp-content\/uploads\/2020\/02\/firma-mail-tommasin.jpg","contentUrl":"https:\/\/www.tommasinfondi.it\/wp-content\/uploads\/2020\/02\/firma-mail-tommasin.jpg","width":155,"height":30,"caption":"Tommasin Fondi Bombati"},"image":{"@id":"https:\/\/www.tommasinfondi.it\/#logo"}},{"@type":"WebSite","@id":"https:\/\/www.tommasinfondi.it\/#website","url":"https:\/\/www.tommasinfondi.it\/","name":"Tommasin - Fondi Bombati per cisterne e fondi bombati per serbatoi","description":"Costruzione di strutture metalliche e fondi bombati per cisterne","publisher":{"@id":"https:\/\/www.tommasinfondi.it\/#organization"},"potentialAction":[{"@type":"SearchAction","target":{"@type":"EntryPoint","urlTemplate":"https:\/\/www.tommasinfondi.it\/?s={search_term_string}"},"query-input":"required name=search_term_string"}],"inLanguage":"es"},{"@type":"WebPage","@id":"https:\/\/www.tommasinfondi.it\/es\/proceso-productivo\/#webpage","url":"https:\/\/www.tommasinfondi.it\/es\/proceso-productivo\/","name":"Proceso productivo - fondos bombeados en acero - tommasinfondi.it","isPartOf":{"@id":"https:\/\/www.tommasinfondi.it\/#website"},"datePublished":"2020-02-16T13:01:18+00:00","dateModified":"2021-09-21T15:55:30+00:00","description":"Una producci\u00f3n de m\u00e1s de 40 a\u00f1os fondos bombeados con formas personalizadas seg\u00fan los m\u00e1s altos est\u00e1ndares mundiales, fondos planos, hemisf\u00e9ricos, c\u00f3nicos","breadcrumb":{"@id":"https:\/\/www.tommasinfondi.it\/es\/proceso-productivo\/#breadcrumb"},"inLanguage":"es","potentialAction":[{"@type":"ReadAction","target":["https:\/\/www.tommasinfondi.it\/es\/proceso-productivo\/"]}]},{"@type":"BreadcrumbList","@id":"https:\/\/www.tommasinfondi.it\/es\/proceso-productivo\/#breadcrumb","itemListElement":[{"@type":"ListItem","position":1,"name":"Home","item":"https:\/\/www.tommasinfondi.it\/es\/"},{"@type":"ListItem","position":2,"name":"Proceso productivo"}]}]}},"_links":{"self":[{"href":"https:\/\/www.tommasinfondi.it\/es\/wp-json\/wp\/v2\/pages\/3122"}],"collection":[{"href":"https:\/\/www.tommasinfondi.it\/es\/wp-json\/wp\/v2\/pages"}],"about":[{"href":"https:\/\/www.tommasinfondi.it\/es\/wp-json\/wp\/v2\/types\/page"}],"author":[{"embeddable":true,"href":"https:\/\/www.tommasinfondi.it\/es\/wp-json\/wp\/v2\/users\/11"}],"replies":[{"embeddable":true,"href":"https:\/\/www.tommasinfondi.it\/es\/wp-json\/wp\/v2\/comments?post=3122"}],"version-history":[{"count":29,"href":"https:\/\/www.tommasinfondi.it\/es\/wp-json\/wp\/v2\/pages\/3122\/revisions"}],"predecessor-version":[{"id":6080,"href":"https:\/\/www.tommasinfondi.it\/es\/wp-json\/wp\/v2\/pages\/3122\/revisions\/6080"}],"wp:attachment":[{"href":"https:\/\/www.tommasinfondi.it\/es\/wp-json\/wp\/v2\/media?parent=3122"}],"curies":[{"name":"wp","href":"https:\/\/api.w.org\/{rel}","templated":true}]}}