{"id":3109,"date":"2020-02-16T14:06:19","date_gmt":"2020-02-16T13:06:19","guid":{"rendered":"https:\/\/tommasinfondi.it\/?page_id=3109"},"modified":"2021-09-21T17:44:56","modified_gmt":"2021-09-21T15:44:56","slug":"calidad","status":"publish","type":"page","link":"https:\/\/www.tommasinfondi.it\/es\/calidad\/","title":{"rendered":"Calidad"},"content":{"rendered":"","protected":false},"excerpt":{"rendered":"","protected":false},"author":11,"featured_media":0,"parent":0,"menu_order":0,"comment_status":"closed","ping_status":"closed","template":"","meta":[],"acf":[],"yoast_head":"<!-- This site is optimized with the Yoast SEO Premium plugin v16.8 (Yoast SEO v16.8) - https:\/\/yoast.com\/wordpress\/plugins\/seo\/ -->\n<title>Calidad - tommasinfondi.it - fondos bombeados en acero<\/title>\n<meta name=\"description\" content=\"Empresa 4.0 del noreste de Italia para la producci\u00f3n de fondos bombeados en acero. Dentro de la p\u00e1gina descubrir\u00e1s las certificaciones\" \/>\n<meta name=\"robots\" content=\"index, follow, max-snippet:-1, max-image-preview:large, max-video-preview:-1\" \/>\n<link rel=\"canonical\" href=\"https:\/\/www.tommasinfondi.it\/es\/calidad\/\" \/>\n<meta property=\"og:locale\" content=\"es_ES\" \/>\n<meta property=\"og:type\" content=\"article\" \/>\n<meta property=\"og:title\" content=\"Calidad\" \/>\n<meta property=\"og:description\" content=\"Empresa 4.0 del noreste de Italia para la producci\u00f3n de fondos bombeados en acero. Dentro de la p\u00e1gina descubrir\u00e1s las certificaciones\" \/>\n<meta property=\"og:url\" content=\"https:\/\/www.tommasinfondi.it\/es\/calidad\/\" \/>\n<meta property=\"og:site_name\" content=\"Tommasin - Fondi Bombati per cisterne e fondi bombati per serbatoi\" \/>\n<meta property=\"article:modified_time\" content=\"2021-09-21T15:44:56+00:00\" \/>\n<meta name=\"twitter:card\" content=\"summary_large_image\" \/>\n<script type=\"application\/ld+json\" class=\"yoast-schema-graph\">{\"@context\":\"https:\/\/schema.org\",\"@graph\":[{\"@type\":\"Organization\",\"@id\":\"https:\/\/www.tommasinfondi.it\/#organization\",\"name\":\"Tommasin Fondi Bombati\",\"url\":\"https:\/\/www.tommasinfondi.it\/\",\"sameAs\":[],\"logo\":{\"@type\":\"ImageObject\",\"@id\":\"https:\/\/www.tommasinfondi.it\/#logo\",\"inLanguage\":\"es\",\"url\":\"https:\/\/www.tommasinfondi.it\/wp-content\/uploads\/2020\/02\/firma-mail-tommasin.jpg\",\"contentUrl\":\"https:\/\/www.tommasinfondi.it\/wp-content\/uploads\/2020\/02\/firma-mail-tommasin.jpg\",\"width\":155,\"height\":30,\"caption\":\"Tommasin Fondi Bombati\"},\"image\":{\"@id\":\"https:\/\/www.tommasinfondi.it\/#logo\"}},{\"@type\":\"WebSite\",\"@id\":\"https:\/\/www.tommasinfondi.it\/#website\",\"url\":\"https:\/\/www.tommasinfondi.it\/\",\"name\":\"Tommasin - Fondi Bombati per cisterne e fondi bombati per serbatoi\",\"description\":\"Costruzione di strutture metalliche e fondi bombati per cisterne\",\"publisher\":{\"@id\":\"https:\/\/www.tommasinfondi.it\/#organization\"},\"potentialAction\":[{\"@type\":\"SearchAction\",\"target\":{\"@type\":\"EntryPoint\",\"urlTemplate\":\"https:\/\/www.tommasinfondi.it\/?s={search_term_string}\"},\"query-input\":\"required name=search_term_string\"}],\"inLanguage\":\"es\"},{\"@type\":\"WebPage\",\"@id\":\"https:\/\/www.tommasinfondi.it\/es\/calidad\/#webpage\",\"url\":\"https:\/\/www.tommasinfondi.it\/es\/calidad\/\",\"name\":\"Calidad - tommasinfondi.it - fondos bombeados en acero\",\"isPartOf\":{\"@id\":\"https:\/\/www.tommasinfondi.it\/#website\"},\"datePublished\":\"2020-02-16T13:06:19+00:00\",\"dateModified\":\"2021-09-21T15:44:56+00:00\",\"description\":\"Empresa 4.0 del noreste de Italia para la producci\\u00f3n de fondos bombeados en acero. Dentro de la p\\u00e1gina descubrir\\u00e1s las certificaciones\",\"breadcrumb\":{\"@id\":\"https:\/\/www.tommasinfondi.it\/es\/calidad\/#breadcrumb\"},\"inLanguage\":\"es\",\"potentialAction\":[{\"@type\":\"ReadAction\",\"target\":[\"https:\/\/www.tommasinfondi.it\/es\/calidad\/\"]}]},{\"@type\":\"BreadcrumbList\",\"@id\":\"https:\/\/www.tommasinfondi.it\/es\/calidad\/#breadcrumb\",\"itemListElement\":[{\"@type\":\"ListItem\",\"position\":1,\"name\":\"Home\",\"item\":\"https:\/\/www.tommasinfondi.it\/es\/\"},{\"@type\":\"ListItem\",\"position\":2,\"name\":\"Calidad\"}]}]}<\/script>\n<!-- \/ Yoast SEO Premium plugin. -->","yoast_head_json":{"title":"Calidad - tommasinfondi.it - fondos bombeados en acero","description":"Empresa 4.0 del noreste de Italia para la producci\u00f3n de fondos bombeados en acero. Dentro de la p\u00e1gina descubrir\u00e1s las certificaciones","robots":{"index":"index","follow":"follow","max-snippet":"max-snippet:-1","max-image-preview":"max-image-preview:large","max-video-preview":"max-video-preview:-1"},"canonical":"https:\/\/www.tommasinfondi.it\/es\/calidad\/","og_locale":"es_ES","og_type":"article","og_title":"Calidad","og_description":"Empresa 4.0 del noreste de Italia para la producci\u00f3n de fondos bombeados en acero. Dentro de la p\u00e1gina descubrir\u00e1s las certificaciones","og_url":"https:\/\/www.tommasinfondi.it\/es\/calidad\/","og_site_name":"Tommasin - Fondi Bombati per cisterne e fondi bombati per serbatoi","article_modified_time":"2021-09-21T15:44:56+00:00","twitter_card":"summary_large_image","schema":{"@context":"https:\/\/schema.org","@graph":[{"@type":"Organization","@id":"https:\/\/www.tommasinfondi.it\/#organization","name":"Tommasin Fondi Bombati","url":"https:\/\/www.tommasinfondi.it\/","sameAs":[],"logo":{"@type":"ImageObject","@id":"https:\/\/www.tommasinfondi.it\/#logo","inLanguage":"es","url":"https:\/\/www.tommasinfondi.it\/wp-content\/uploads\/2020\/02\/firma-mail-tommasin.jpg","contentUrl":"https:\/\/www.tommasinfondi.it\/wp-content\/uploads\/2020\/02\/firma-mail-tommasin.jpg","width":155,"height":30,"caption":"Tommasin Fondi Bombati"},"image":{"@id":"https:\/\/www.tommasinfondi.it\/#logo"}},{"@type":"WebSite","@id":"https:\/\/www.tommasinfondi.it\/#website","url":"https:\/\/www.tommasinfondi.it\/","name":"Tommasin - Fondi Bombati per cisterne e fondi bombati per serbatoi","description":"Costruzione di strutture metalliche e fondi bombati per cisterne","publisher":{"@id":"https:\/\/www.tommasinfondi.it\/#organization"},"potentialAction":[{"@type":"SearchAction","target":{"@type":"EntryPoint","urlTemplate":"https:\/\/www.tommasinfondi.it\/?s={search_term_string}"},"query-input":"required name=search_term_string"}],"inLanguage":"es"},{"@type":"WebPage","@id":"https:\/\/www.tommasinfondi.it\/es\/calidad\/#webpage","url":"https:\/\/www.tommasinfondi.it\/es\/calidad\/","name":"Calidad - tommasinfondi.it - fondos bombeados en acero","isPartOf":{"@id":"https:\/\/www.tommasinfondi.it\/#website"},"datePublished":"2020-02-16T13:06:19+00:00","dateModified":"2021-09-21T15:44:56+00:00","description":"Empresa 4.0 del noreste de Italia para la producci\u00f3n de fondos bombeados en acero. Dentro de la p\u00e1gina descubrir\u00e1s las certificaciones","breadcrumb":{"@id":"https:\/\/www.tommasinfondi.it\/es\/calidad\/#breadcrumb"},"inLanguage":"es","potentialAction":[{"@type":"ReadAction","target":["https:\/\/www.tommasinfondi.it\/es\/calidad\/"]}]},{"@type":"BreadcrumbList","@id":"https:\/\/www.tommasinfondi.it\/es\/calidad\/#breadcrumb","itemListElement":[{"@type":"ListItem","position":1,"name":"Home","item":"https:\/\/www.tommasinfondi.it\/es\/"},{"@type":"ListItem","position":2,"name":"Calidad"}]}]}},"_links":{"self":[{"href":"https:\/\/www.tommasinfondi.it\/es\/wp-json\/wp\/v2\/pages\/3109"}],"collection":[{"href":"https:\/\/www.tommasinfondi.it\/es\/wp-json\/wp\/v2\/pages"}],"about":[{"href":"https:\/\/www.tommasinfondi.it\/es\/wp-json\/wp\/v2\/types\/page"}],"author":[{"embeddable":true,"href":"https:\/\/www.tommasinfondi.it\/es\/wp-json\/wp\/v2\/users\/11"}],"replies":[{"embeddable":true,"href":"https:\/\/www.tommasinfondi.it\/es\/wp-json\/wp\/v2\/comments?post=3109"}],"version-history":[{"count":10,"href":"https:\/\/www.tommasinfondi.it\/es\/wp-json\/wp\/v2\/pages\/3109\/revisions"}],"predecessor-version":[{"id":5827,"href":"https:\/\/www.tommasinfondi.it\/es\/wp-json\/wp\/v2\/pages\/3109\/revisions\/5827"}],"wp:attachment":[{"href":"https:\/\/www.tommasinfondi.it\/es\/wp-json\/wp\/v2\/media?parent=3109"}],"curies":[{"name":"wp","href":"https:\/\/api.w.org\/{rel}","templated":true}]}}